{"id":10374,"date":"2024-09-09T16:07:22","date_gmt":"2024-09-09T19:07:22","guid":{"rendered":"https:\/\/luxonatural.com.br\/homolog\/?post_type=product&#038;p=10374"},"modified":"2024-09-16T00:20:16","modified_gmt":"2024-09-16T03:20:16","slug":"caneca-buongiorno-principessa-bom-dia-princesa","status":"publish","type":"product","link":"https:\/\/luxonatural.com.br\/homolog\/produto\/caneca-buongiorno-principessa-bom-dia-princesa\/","title":{"rendered":"Caneca Buongiorno Principessa  &#8211; Bom dia Princesa"},"content":{"rendered":"<p style=\"margin: 20px 0px; padding: 0px; border: 0px; outline: 0px; vertical-align: baseline; max-width: 100%; color: #000000; font-family: Montserrat, sans-serif; font-size: 14px;\"><span style=\"margin: 0px; padding: 0px; border: 0px; outline: 0px; vertical-align: baseline; font-size: 10pt; font-family: Arial, sans-serif; color: #333333;\">Caneca em porcelana pintado \u00e0 m\u00e3o<\/span><\/p>\n<p style=\"margin: 20px 0px; padding: 0px; border: 0px; outline: 0px; vertical-align: baseline; max-width: 100%; color: #000000; font-family: Montserrat, sans-serif; font-size: 14px;\"><span style=\"margin: 0px; padding: 0px; border: 0px; outline: 0px; vertical-align: baseline; font-size: 10pt; font-family: Arial, sans-serif; color: #333333;\">Altura:10cm<\/span><\/p>\n<p>Aten\u00e7\u00e3o:<\/p>\n<p><strong>MIX DE FLORES FRESCAS<\/strong> &#8211; Cada mix de flores \u00e9 \u00fanico! Ao optar por essa composi\u00e7\u00e3o floral, voc\u00ea estar\u00e1 garantindo o que temos de mais lindo nas nossas c\u00e2maras frias de acordo com a sazonalidade e, consequentemente, disponibilidade de flores e suas varia\u00e7\u00f5es no mercado. A natureza \u00e9 quem manda e temos que respeitar todo esse processo que depende de condi\u00e7\u00f5es clim\u00e1ticas, dentre outras. Portanto, a op\u00e7\u00e3o \u201cmix de flores\u201d consiste numa combina\u00e7\u00e3o de cores e tipologias bot\u00e2nicas, que, n\u00e3o necessariamente, corresponder\u00e1 \u00e0 alguma das fotos aqui dispon\u00edveis (mas a Luxo te garante que lindo, vai ser!).<\/p>\n<p>&nbsp;<\/p>\n<p><strong>Imagem meramente ilustrativa<\/strong><\/p>\n","protected":false},"excerpt":{"rendered":"<p>Caneca em porcelana pintado \u00e0 m\u00e3o Altura:10cm Aten\u00e7\u00e3o: MIX DE FLORES FRESCAS &#8211; Cada mix de flores \u00e9 \u00fanico! Ao optar por essa composi\u00e7\u00e3o floral, voc\u00ea estar\u00e1 garantindo o que temos de mais lindo nas nossas c\u00e2maras frias de acordo com a sazonalidade e, consequentemente, disponibilidade de flores e suas varia\u00e7\u00f5es no mercado. A natureza [&hellip;]<\/p>\n","protected":false},"featured_media":10375,"comment_status":"open","ping_status":"closed","template":"","meta":[],"product_cat":[105],"product_tag":[],"class_list":["post-10374","product","type-product","status-publish","has-post-thumbnail","hentry","product_cat-marche-15-a-50"],"_links":{"self":[{"href":"https:\/\/luxonatural.com.br\/homolog\/wp-json\/wp\/v2\/product\/10374","targetHints":{"allow":["GET"]}}],"collection":[{"href":"https:\/\/luxonatural.com.br\/homolog\/wp-json\/wp\/v2\/product"}],"about":[{"href":"https:\/\/luxonatural.com.br\/homolog\/wp-json\/wp\/v2\/types\/product"}],"replies":[{"embeddable":true,"href":"https:\/\/luxonatural.com.br\/homolog\/wp-json\/wp\/v2\/comments?post=10374"}],"wp:featuredmedia":[{"embeddable":true,"href":"https:\/\/luxonatural.com.br\/homolog\/wp-json\/wp\/v2\/media\/10375"}],"wp:attachment":[{"href":"https:\/\/luxonatural.com.br\/homolog\/wp-json\/wp\/v2\/media?parent=10374"}],"wp:term":[{"taxonomy":"product_cat","embeddable":true,"href":"https:\/\/luxonatural.com.br\/homolog\/wp-json\/wp\/v2\/product_cat?post=10374"},{"taxonomy":"product_tag","embeddable":true,"href":"https:\/\/luxonatural.com.br\/homolog\/wp-json\/wp\/v2\/product_tag?post=10374"}],"curies":[{"name":"wp","href":"https:\/\/api.w.org\/{rel}","templated":true}]}}