{"id":10378,"date":"2024-09-09T16:19:55","date_gmt":"2024-09-09T19:19:55","guid":{"rendered":"https:\/\/luxonatural.com.br\/homolog\/?post_type=product&#038;p=10378"},"modified":"2024-09-16T00:20:15","modified_gmt":"2024-09-16T03:20:15","slug":"porta-joias","status":"publish","type":"product","link":"https:\/\/luxonatural.com.br\/homolog\/produto\/porta-joias\/","title":{"rendered":"Porta J\u00f3ias"},"content":{"rendered":"<p>Este porta-joias de porcelana \u00e9 um verdadeiro encanto para guardar suas preciosidades.<\/p>\n<p>Cada pe\u00e7a \u00e9 pintada \u00e0 m\u00e3o com desenhos delicados, tornando-o \u00fanico e especial.<\/p>\n<p>Al\u00e9m de funcional, ele adiciona um toque de eleg\u00e2ncia e charme a qualquer ambiente, seja no seu quarto ou no banheiro.<\/p>\n<p>Ideal para quem aprecia detalhes e busca uma pe\u00e7a que combine beleza e praticidade.<\/p>\n<p>Perfeito tamb\u00e9m para presentear quem voc\u00ea ama, este porta-joias \u00e9 uma forma de eternizar momentos e emo\u00e7\u00f5es com muito estilo.<\/p>\n<p><strong>Imagem meramente ilustrativa<\/strong><\/p>\n","protected":false},"excerpt":{"rendered":"<p>Este porta-joias de porcelana \u00e9 um verdadeiro encanto para guardar suas preciosidades. Cada pe\u00e7a \u00e9 pintada \u00e0 m\u00e3o com desenhos delicados, tornando-o \u00fanico e especial. Al\u00e9m de funcional, ele adiciona um toque de eleg\u00e2ncia e charme a qualquer ambiente, seja no seu quarto ou no banheiro. Ideal para quem aprecia detalhes e busca uma pe\u00e7a [&hellip;]<\/p>\n","protected":false},"featured_media":10380,"comment_status":"open","ping_status":"closed","template":"","meta":[],"product_cat":[105],"product_tag":[],"class_list":["post-10378","product","type-product","status-publish","has-post-thumbnail","hentry","product_cat-marche-15-a-50","product_shipping_class-entrega-nacional"],"_links":{"self":[{"href":"https:\/\/luxonatural.com.br\/homolog\/wp-json\/wp\/v2\/product\/10378","targetHints":{"allow":["GET"]}}],"collection":[{"href":"https:\/\/luxonatural.com.br\/homolog\/wp-json\/wp\/v2\/product"}],"about":[{"href":"https:\/\/luxonatural.com.br\/homolog\/wp-json\/wp\/v2\/types\/product"}],"replies":[{"embeddable":true,"href":"https:\/\/luxonatural.com.br\/homolog\/wp-json\/wp\/v2\/comments?post=10378"}],"wp:featuredmedia":[{"embeddable":true,"href":"https:\/\/luxonatural.com.br\/homolog\/wp-json\/wp\/v2\/media\/10380"}],"wp:attachment":[{"href":"https:\/\/luxonatural.com.br\/homolog\/wp-json\/wp\/v2\/media?parent=10378"}],"wp:term":[{"taxonomy":"product_cat","embeddable":true,"href":"https:\/\/luxonatural.com.br\/homolog\/wp-json\/wp\/v2\/product_cat?post=10378"},{"taxonomy":"product_tag","embeddable":true,"href":"https:\/\/luxonatural.com.br\/homolog\/wp-json\/wp\/v2\/product_tag?post=10378"}],"curies":[{"name":"wp","href":"https:\/\/api.w.org\/{rel}","templated":true}]}}