{"id":9015,"date":"2024-02-09T11:09:23","date_gmt":"2024-02-09T14:09:23","guid":{"rendered":"https:\/\/luxonatural.com.br\/homolog\/produto\/bouquet-mix-de-flores\/"},"modified":"2024-09-06T16:49:30","modified_gmt":"2024-09-06T19:49:30","slug":"bouquet-mix-de-flores","status":"publish","type":"product","link":"https:\/\/luxonatural.com.br\/homolog\/produto\/bouquet-mix-de-flores\/","title":{"rendered":"Bouquet Mix de Flores"},"content":{"rendered":"<p>O maior cl\u00e1ssicos das declara\u00e7\u00f5es de amor n\u00e3o poderia faltar! Os bouquets da Luxo s\u00e3o envolvidos em pap\u00e9is seda exclusivos na cor kraft e branca e arrematados com fita de cetim. Perfeitos para presentear ou levar para florir a casa ou o ambiente de trabalho naquele seu vaso lindo.<\/p>\n<p>Tamanhos: mini (18 hastes), P (25 hastes), M (35hastes) , G ( 55hastes)\u00a0 e GG (70 hates).<\/p>\n<p>&nbsp;<\/p>\n<p>Aten\u00e7\u00e3o: Cada mix de flores \u00e9 \u00fanico! Ao optar por essa composi\u00e7\u00e3o floral, voc\u00ea estar\u00e1 garantindo o que temos de mais lindo nas nossas c\u00e2maras frias de acordo com a sazonalidade e, consequentemente, disponibilidade de flores e suas varia\u00e7\u00f5es no mercado. A natureza \u00e9 quem manda e temos que respeitar todo esse processo que depende de condi\u00e7\u00f5es clim\u00e1ticas, dentre outras. Portanto, a op\u00e7\u00e3o \u201cmix de flores\u201d consiste numa combina\u00e7\u00e3o de cores e tipologias bot\u00e2nicas, que, n\u00e3o necessariamente, corresponder\u00e1 \u00e0 alguma das fotos aqui dispon\u00edveis (mas a Luxo te garante que lindo, vai ser!).<\/p>\n","protected":false},"excerpt":{"rendered":"<p>O maior cl\u00e1ssicos das declara\u00e7\u00f5es de amor n\u00e3o poderia faltar! Os bouquets da Luxo s\u00e3o envolvidos em pap\u00e9is seda exclusivos na cor kraft e branca e arrematados com fita de cetim. Perfeitos para presentear ou levar para florir a casa ou o ambiente de trabalho naquele seu vaso lindo. Tamanhos: mini (18 hastes), P (25 [&hellip;]<\/p>\n","protected":false},"featured_media":10253,"comment_status":"open","ping_status":"closed","template":"","meta":[],"product_cat":[107,97],"product_tag":[201,204,205,209,208],"class_list":["post-9015","product","type-product","status-publish","has-post-thumbnail","hentry","product_cat-bouquets","product_cat-ocasioes","product_tag-amor","product_tag-carinho","product_tag-flores","product_tag-luxo","product_tag-presente","product_shipping_class-entrega-local"],"_links":{"self":[{"href":"https:\/\/luxonatural.com.br\/homolog\/wp-json\/wp\/v2\/product\/9015","targetHints":{"allow":["GET"]}}],"collection":[{"href":"https:\/\/luxonatural.com.br\/homolog\/wp-json\/wp\/v2\/product"}],"about":[{"href":"https:\/\/luxonatural.com.br\/homolog\/wp-json\/wp\/v2\/types\/product"}],"replies":[{"embeddable":true,"href":"https:\/\/luxonatural.com.br\/homolog\/wp-json\/wp\/v2\/comments?post=9015"}],"wp:featuredmedia":[{"embeddable":true,"href":"https:\/\/luxonatural.com.br\/homolog\/wp-json\/wp\/v2\/media\/10253"}],"wp:attachment":[{"href":"https:\/\/luxonatural.com.br\/homolog\/wp-json\/wp\/v2\/media?parent=9015"}],"wp:term":[{"taxonomy":"product_cat","embeddable":true,"href":"https:\/\/luxonatural.com.br\/homolog\/wp-json\/wp\/v2\/product_cat?post=9015"},{"taxonomy":"product_tag","embeddable":true,"href":"https:\/\/luxonatural.com.br\/homolog\/wp-json\/wp\/v2\/product_tag?post=9015"}],"curies":[{"name":"wp","href":"https:\/\/api.w.org\/{rel}","templated":true}]}}