{"id":9018,"date":"2024-02-09T11:09:24","date_gmt":"2024-02-09T14:09:24","guid":{"rendered":"https:\/\/luxonatural.com.br\/homolog\/produto\/cilindro-com-bouquet\/"},"modified":"2024-06-24T15:22:04","modified_gmt":"2024-06-24T18:22:04","slug":"cilindro-com-bouquet","status":"publish","type":"product","link":"https:\/\/luxonatural.com.br\/homolog\/produto\/cilindro-com-bouquet\/","title":{"rendered":"Cilindro com Bouquet"},"content":{"rendered":"<p>Cilindro de vidro transparente com bouquet. Ornamentado com fita de cetim para dar aquele charme a mais e com a possibilidade de levar adesivo personalizado.<\/p>\n<p>Dispon\u00edvel nos tamanhos: P, M e G.<\/p>\n<p>&nbsp;<\/p>\n<p>Aten\u00e7\u00e3o: Cada mix de flores \u00e9 \u00fanico! Ao optar por essa composi\u00e7\u00e3o floral, voc\u00ea estar\u00e1 garantindo o que temos de mais lindo nas nossas c\u00e2maras frias de acordo com a sazonalidade e, consequentemente, disponibilidade de flores e suas varia\u00e7\u00f5es no mercado. A natureza \u00e9 quem manda e temos que respeitar todo esse processo que depende de condi\u00e7\u00f5es clim\u00e1ticas, dentre outras. Portanto, a op\u00e7\u00e3o \u201cmix de flores\u201d consiste numa combina\u00e7\u00e3o de cores e tipologias bot\u00e2nicas, que, n\u00e3o necessariamente, corresponder\u00e1 \u00e0 alguma das fotos aqui dispon\u00edveis (mas a Luxo te garante que lindo, vai ser!).<\/p>\n","protected":false},"excerpt":{"rendered":"<p>Cilindro de vidro transparente com bouquet. Ornamentado com fita de cetim para dar aquele charme a mais e com a possibilidade de levar adesivo personalizado. Dispon\u00edvel nos tamanhos: P, M e G. &nbsp; Aten\u00e7\u00e3o: Cada mix de flores \u00e9 \u00fanico! Ao optar por essa composi\u00e7\u00e3o floral, voc\u00ea estar\u00e1 garantindo o que temos de mais lindo [&hellip;]<\/p>\n","protected":false},"featured_media":10259,"comment_status":"open","ping_status":"closed","template":"","meta":[],"product_cat":[89],"product_tag":[210,201,227,211,217,212,205,219,209,45,208],"class_list":["post-9018","product","type-product","status-publish","has-post-thumbnail","hentry","product_cat-vasos-e-cilindros","product_tag-ambiente","product_tag-amor","product_tag-banho","product_tag-casa","product_tag-cheiro","product_tag-cuidado","product_tag-flores","product_tag-home","product_tag-luxo","product_tag-natural","product_tag-presente","product_shipping_class-entrega-local"],"_links":{"self":[{"href":"https:\/\/luxonatural.com.br\/homolog\/wp-json\/wp\/v2\/product\/9018","targetHints":{"allow":["GET"]}}],"collection":[{"href":"https:\/\/luxonatural.com.br\/homolog\/wp-json\/wp\/v2\/product"}],"about":[{"href":"https:\/\/luxonatural.com.br\/homolog\/wp-json\/wp\/v2\/types\/product"}],"replies":[{"embeddable":true,"href":"https:\/\/luxonatural.com.br\/homolog\/wp-json\/wp\/v2\/comments?post=9018"}],"wp:featuredmedia":[{"embeddable":true,"href":"https:\/\/luxonatural.com.br\/homolog\/wp-json\/wp\/v2\/media\/10259"}],"wp:attachment":[{"href":"https:\/\/luxonatural.com.br\/homolog\/wp-json\/wp\/v2\/media?parent=9018"}],"wp:term":[{"taxonomy":"product_cat","embeddable":true,"href":"https:\/\/luxonatural.com.br\/homolog\/wp-json\/wp\/v2\/product_cat?post=9018"},{"taxonomy":"product_tag","embeddable":true,"href":"https:\/\/luxonatural.com.br\/homolog\/wp-json\/wp\/v2\/product_tag?post=9018"}],"curies":[{"name":"wp","href":"https:\/\/api.w.org\/{rel}","templated":true}]}}