{"id":9053,"date":"2024-02-09T11:10:00","date_gmt":"2024-02-09T14:10:00","guid":{"rendered":"https:\/\/luxonatural.com.br\/homolog\/produto\/vela-perfumada\/"},"modified":"2024-09-09T16:43:00","modified_gmt":"2024-09-09T19:43:00","slug":"vela-perfumada","status":"publish","type":"product","link":"https:\/\/luxonatural.com.br\/homolog\/produto\/vela-perfumada\/","title":{"rendered":"Vela Perfumada"},"content":{"rendered":"<p>Para perfumar e decorar.<\/p>\n<p>Nossas velas arom\u00e1ticas em suporte de vidro transparente possuem diversas fragr\u00e2ncias e frases em adesivos personalizados para voc\u00ea escolher.<\/p>\n<p>Conte\u00fado: 190g<\/p>\n<p>&nbsp;<\/p>\n<p>Instru\u00e7\u00f5es de uso:<\/p>\n<p>Ao acender a vela pela primeira vez, \u00e9 preciso que se aguarde 30 minutos para que ela comece a exalar seu perfume.<\/p>\n<p>&nbsp;<\/p>\n","protected":false},"excerpt":{"rendered":"<p>Para perfumar e decorar. Nossas velas arom\u00e1ticas em suporte de vidro transparente possuem diversas fragr\u00e2ncias e frases em adesivos personalizados para voc\u00ea escolher. Conte\u00fado: 190g &nbsp; Instru\u00e7\u00f5es de uso: Ao acender a vela pela primeira vez, \u00e9 preciso que se aguarde 30 minutos para que ela comece a exalar seu perfume. &nbsp;<\/p>\n","protected":false},"featured_media":10271,"comment_status":"open","ping_status":"closed","template":"","meta":[],"product_cat":[97,103],"product_tag":[210,211,217,218,219,220,221,222],"class_list":["post-9053","product","type-product","status-publish","has-post-thumbnail","hentry","product_cat-ocasioes","product_cat-velas-perfumadas","product_tag-ambiente","product_tag-casa","product_tag-cheiro","product_tag-fragancia","product_tag-home","product_tag-perfumada","product_tag-perfume","product_tag-vela","product_shipping_class-entrega-nacional"],"_links":{"self":[{"href":"https:\/\/luxonatural.com.br\/homolog\/wp-json\/wp\/v2\/product\/9053","targetHints":{"allow":["GET"]}}],"collection":[{"href":"https:\/\/luxonatural.com.br\/homolog\/wp-json\/wp\/v2\/product"}],"about":[{"href":"https:\/\/luxonatural.com.br\/homolog\/wp-json\/wp\/v2\/types\/product"}],"replies":[{"embeddable":true,"href":"https:\/\/luxonatural.com.br\/homolog\/wp-json\/wp\/v2\/comments?post=9053"}],"wp:featuredmedia":[{"embeddable":true,"href":"https:\/\/luxonatural.com.br\/homolog\/wp-json\/wp\/v2\/media\/10271"}],"wp:attachment":[{"href":"https:\/\/luxonatural.com.br\/homolog\/wp-json\/wp\/v2\/media?parent=9053"}],"wp:term":[{"taxonomy":"product_cat","embeddable":true,"href":"https:\/\/luxonatural.com.br\/homolog\/wp-json\/wp\/v2\/product_cat?post=9053"},{"taxonomy":"product_tag","embeddable":true,"href":"https:\/\/luxonatural.com.br\/homolog\/wp-json\/wp\/v2\/product_tag?post=9053"}],"curies":[{"name":"wp","href":"https:\/\/api.w.org\/{rel}","templated":true}]}}